{"id":24,"date":"2024-09-25T08:31:50","date_gmt":"2024-09-25T08:31:50","guid":{"rendered":"https:\/\/www.purple-bee.de\/?page_id=24"},"modified":"2024-12-23T13:00:27","modified_gmt":"2024-12-23T13:00:27","slug":"leistungen","status":"publish","type":"page","link":"https:\/\/www.purple-bee.de\/index.php\/leistungen\/","title":{"rendered":"Leistungen"},"content":{"rendered":"\n<div class=\"wp-block-uagb-container uag-hide-tab uag-hide-mob uagb-block-91cbe62b alignfull uagb-is-root-container\"><div class=\"uagb-container-inner-blocks-wrap\"><\/div><\/div>\n\n\n\n<div class=\"wp-block-uagb-container uagb-block-c49c89df alignfull uagb-is-root-container\"><div class=\"uagb-container-inner-blocks-wrap\">\n<div class=\"wp-block-uagb-advanced-heading uagb-block-80c1f3a1\" id=\"Fokus\"><h1 class=\"uagb-heading-text\"><strong>Fokus<\/strong><\/h1><\/div>\n<\/div><\/div>\n\n\n\n<div class=\"wp-block-uagb-container uagb-block-763fc420 alignfull uagb-is-root-container\"><div class=\"uagb-container-inner-blocks-wrap\">\n<div class=\"wp-block-uagb-container uagb-block-096316f3\">\n<p class=\"has-text-align-left\">Der Hauptfokus der Purple Bee GmbH liegt auf der Begleitung und Umsetzung von SAP ERP und SAP S\/4HANA Projekten im Bereich <strong>Logistik und Produktion<\/strong>. Ob Neueinf\u00fchrung, Transformation, Roll-Out oder Optimierung bestehender Systeme &#8211; die Purple Bee GmbH bietet eine umfassende Unterst\u00fctzung und Expertise in jeder Projektphase. Ziel ist es, ma\u00dfgeschneiderte Prozesse zu designen, die genau auf die Bed\u00fcrfnisse der Kunden abgestimmt sind und helfen, deren logistische Abl\u00e4ufe effizienter und nachhaltiger zu gestalten.<\/p>\n<\/div>\n\n\n\n<div class=\"wp-block-uagb-container uagb-block-0d9563b8\">\n<div class=\"wp-block-uagb-slider uagb-block-31acc90e uagb-slider-container\"><div class=\"uagb-slides uagb-swiper\"><div class=\"swiper-wrapper\">\n<div class=\"wp-block-uagb-slider-child uagb-slider-child-wrap swiper-slide uagb-block-e3ac214b\"><div class=\"swiper-content\">\n<div class=\"wp-block-uagb-container uagb-block-ba63f978\">\n<div class=\"wp-block-uagb-info-box uagb-block-688d3fbb uagb-infobox__content-wrap  uagb-infobox-icon-above-title uagb-infobox-image-valign-top\"><div class=\"uagb-ifb-content\"><div class=\"uagb-ifb-title-wrap\"><h3 class=\"uagb-ifb-title\"><strong>Materialwirtschaft<\/strong><\/h3><\/div><\/div><\/div>\n<\/div>\n<\/div><\/div>\n\n\n\n<div class=\"wp-block-uagb-slider-child uagb-slider-child-wrap swiper-slide uagb-block-0a626e92\"><div class=\"swiper-content\">\n<div class=\"wp-block-uagb-container uagb-block-0450af78\">\n<div class=\"wp-block-uagb-info-box uagb-block-e6b8612c uagb-infobox__content-wrap  uagb-infobox-icon-above-title uagb-infobox-image-valign-top\"><div class=\"uagb-ifb-content\"><div class=\"uagb-ifb-title-wrap\"><h3 class=\"uagb-ifb-title\"><strong>Lagerverwaltung<\/strong><\/h3><\/div><\/div><\/div>\n<\/div>\n<\/div><\/div>\n\n\n\n<div class=\"wp-block-uagb-slider-child uagb-slider-child-wrap swiper-slide uagb-block-c1f3bdca\"><div class=\"swiper-content\">\n<div class=\"wp-block-uagb-container uagb-block-fe133e34\">\n<div class=\"wp-block-uagb-info-box uagb-block-c4773e89 uagb-infobox__content-wrap  uagb-infobox-icon-above-title uagb-infobox-image-valign-top\"><div class=\"uagb-ifb-content\"><div class=\"uagb-ifb-title-wrap\"><h3 class=\"uagb-ifb-title\"><strong>Produktion<\/strong><\/h3><\/div><\/div><\/div>\n<\/div>\n<\/div><\/div>\n\n\n\n<div class=\"wp-block-uagb-slider-child uagb-slider-child-wrap swiper-slide uagb-block-0bbf953a\"><div class=\"swiper-content\">\n<div class=\"wp-block-uagb-container uagb-block-6135411f\">\n<div class=\"wp-block-uagb-info-box uagb-block-95adade3 uagb-infobox__content-wrap  uagb-infobox-icon-above-title uagb-infobox-image-valign-top\"><div class=\"uagb-ifb-content\"><div class=\"uagb-ifb-title-wrap\"><h3 class=\"uagb-ifb-title\"><strong>Variantenkonfiguration<\/strong><\/h3><\/div><\/div><\/div>\n<\/div>\n<\/div><\/div>\n<\/div><\/div><div class=\"swiper-pagination\"><\/div><div class=\"swiper-button-prev\"><\/div><div class=\"swiper-button-next\"><\/div><\/div>\n<\/div>\n<\/div><\/div>\n\n\n\n<div class=\"wp-block-uagb-container uagb-block-a972324d alignfull uagb-is-root-container\"><div class=\"uagb-container-inner-blocks-wrap\">\n<div class=\"wp-block-uagb-advanced-heading uagb-block-f24e7df3\" id=\"Portfolio\"><h1 class=\"uagb-heading-text\"><strong>Portfolio<\/strong><\/h1><\/div>\n<\/div><\/div>\n\n\n\n<div class=\"wp-block-uagb-container uagb-block-2c4f68b4 alignfull uagb-is-root-container\"><div class=\"uagb-container-inner-blocks-wrap\">\n<div class=\"wp-block-uagb-container uagb-block-5764d4de\">\n<div class=\"wp-block-uagb-advanced-heading uagb-block-c7f0a3f9\"><h2 class=\"uagb-heading-text\">Applikationsberatung<\/h2><\/div>\n\n\n\n<p>Die Prozess- und Applikationsberatung ist darauf ausgelegt, Gesch\u00e4ftsprozesse zu analysieren, zu optimieren und durch den Einsatz von SAP ERP oder SAP S\/4HANA effizienter zu gestalten. Im Zuge einer gr\u00fcndlichen Analyse bestehender E2E-Gesch\u00e4ftsprozesse werden Schwachstellen und Optimierungspotenziale identifiziert. W\u00e4hrend der Konzeptionsphase werden die Prozesse auf die spezifischen Gesch\u00e4ftsanforderungen abgestimmt. Im Anschluss daran werden diese &#8211; anders als bei anderen Beratungen &#8211; im System implementiert.<\/p>\n\n\n\n<div class=\"wp-block-uagb-advanced-heading uagb-block-4b278720\"><h2 class=\"uagb-heading-text\">Projektmanagement<\/h2><\/div>\n\n\n\n<p>Effektives Projektmanagement ist entscheidend f\u00fcr den Erfolg eines jeden SAP-Projekts. Die Purple Bee GmbH bietet Projektmanagement-Dienstleistungen an, die sicherstellen, dass Projekte in time, in budget und in quality abgeschlossen werden.<\/p>\n<\/div>\n\n\n\n<div class=\"wp-block-uagb-container uagb-block-49f81bec\">\n<div class=\"wp-block-uagb-advanced-heading uagb-block-00665bcd\"><h2 class=\"uagb-heading-text\">Coaching &amp; Training<\/h2><\/div>\n\n\n\n<p>Um Sie individuell weiter zu qualifizieren, damit Sie und Ihr Team bestens auf ein anstehendes SAP-Projekt vorbereitet sind, Sie sich mit den Neuerungen in SAP zurechtfinden oder ein paar Tipps und Tricks erhalten wollen, die Ihren Arbeitsalltag mit SAP erleichtern bietet die Purple Bee GmbH folgendes Trainingsangebot an:<\/p>\n\n\n\n<div class=\"wp-block-uagb-slider uagb-block-0afb4512 uagb-slider-container\"><div class=\"uagb-slides uagb-swiper\"><div class=\"swiper-wrapper\">\n<div class=\"wp-block-uagb-slider-child uagb-slider-child-wrap swiper-slide uagb-block-8cb177e6\"><div class=\"swiper-content\">\n<div class=\"wp-block-uagb-container uagb-block-f1c6c216\">\n<div class=\"wp-block-uagb-info-box uagb-block-89466b8d uagb-infobox__content-wrap  uagb-infobox-icon-above-title uagb-infobox-image-valign-top\"><div class=\"uagb-ifb-content\"><div class=\"uagb-ifb-title-wrap\"><h3 class=\"uagb-ifb-title\">Individuelle Coachings<\/h3><\/div><\/div><\/div>\n\n\n\n<div class=\"wp-block-uagb-icon-list uagb-block-6c6aadb5\"><div class=\"uagb-icon-list__wrap\">\n<div class=\"wp-block-uagb-icon-list-child uagb-block-05eb207e\"><span class=\"uagb-icon-list__source-wrap\"><svg xmlns=\"https:\/\/www.w3.org\/2000\/svg\" viewBox=\"0 0 512 512\"><path d=\"M256 0C114.6 0 0 114.6 0 256c0 141.4 114.6 256 256 256s256-114.6 256-256C512 114.6 397.4 0 256 0zM406.6 278.6l-103.1 103.1c-12.5 12.5-32.75 12.5-45.25 0s-12.5-32.75 0-45.25L306.8 288H128C110.3 288 96 273.7 96 256s14.31-32 32-32h178.8l-49.38-49.38c-12.5-12.5-12.5-32.75 0-45.25s32.75-12.5 45.25 0l103.1 103.1C414.6 241.3 416 251.1 416 256C416 260.9 414.6 270.7 406.6 278.6z\"><\/path><\/svg><\/span><span class=\"uagb-icon-list__label\">pers\u00f6nliche Betreuung<\/span><\/div>\n\n\n\n<div class=\"wp-block-uagb-icon-list-child uagb-block-617548b8\"><span class=\"uagb-icon-list__source-wrap\"><svg xmlns=\"https:\/\/www.w3.org\/2000\/svg\" viewBox=\"0 0 512 512\"><path d=\"M256 0C114.6 0 0 114.6 0 256c0 141.4 114.6 256 256 256s256-114.6 256-256C512 114.6 397.4 0 256 0zM406.6 278.6l-103.1 103.1c-12.5 12.5-32.75 12.5-45.25 0s-12.5-32.75 0-45.25L306.8 288H128C110.3 288 96 273.7 96 256s14.31-32 32-32h178.8l-49.38-49.38c-12.5-12.5-12.5-32.75 0-45.25s32.75-12.5 45.25 0l103.1 103.1C414.6 241.3 416 251.1 416 256C416 260.9 414.6 270.7 406.6 278.6z\"><\/path><\/svg><\/span><span class=\"uagb-icon-list__label\">gezieltes Feedback<\/span><\/div>\n\n\n\n<div class=\"wp-block-uagb-icon-list-child uagb-block-b0525941\"><span class=\"uagb-icon-list__source-wrap\"><svg xmlns=\"https:\/\/www.w3.org\/2000\/svg\" viewBox=\"0 0 512 512\"><path d=\"M256 0C114.6 0 0 114.6 0 256c0 141.4 114.6 256 256 256s256-114.6 256-256C512 114.6 397.4 0 256 0zM406.6 278.6l-103.1 103.1c-12.5 12.5-32.75 12.5-45.25 0s-12.5-32.75 0-45.25L306.8 288H128C110.3 288 96 273.7 96 256s14.31-32 32-32h178.8l-49.38-49.38c-12.5-12.5-12.5-32.75 0-45.25s32.75-12.5 45.25 0l103.1 103.1C414.6 241.3 416 251.1 416 256C416 260.9 414.6 270.7 406.6 278.6z\"><\/path><\/svg><\/span><span class=\"uagb-icon-list__label\">praxisorientierte L\u00f6sungen<\/span><\/div>\n<\/div><\/div>\n<\/div>\n<\/div><\/div>\n\n\n\n<div class=\"wp-block-uagb-slider-child uagb-slider-child-wrap swiper-slide uagb-block-4615c8a3\"><div class=\"swiper-content\">\n<div class=\"wp-block-uagb-container uagb-block-c6953e7a\">\n<div class=\"wp-block-uagb-info-box uagb-block-0685dd79 uagb-infobox__content-wrap  uagb-infobox-icon-above-title uagb-infobox-image-valign-top\"><div class=\"uagb-ifb-content\"><div class=\"uagb-ifb-title-wrap\"><h3 class=\"uagb-ifb-title\">Ma\u00dfgeschneiderte Anwenderschulungen<\/h3><\/div><\/div><\/div>\n\n\n\n<div class=\"wp-block-uagb-icon-list uagb-block-0c3cc072\"><div class=\"uagb-icon-list__wrap\">\n<div class=\"wp-block-uagb-icon-list-child uagb-block-d4f03a98\"><span class=\"uagb-icon-list__source-wrap\"><svg xmlns=\"https:\/\/www.w3.org\/2000\/svg\" viewBox=\"0 0 512 512\"><path d=\"M256 0C114.6 0 0 114.6 0 256c0 141.4 114.6 256 256 256s256-114.6 256-256C512 114.6 397.4 0 256 0zM406.6 278.6l-103.1 103.1c-12.5 12.5-32.75 12.5-45.25 0s-12.5-32.75 0-45.25L306.8 288H128C110.3 288 96 273.7 96 256s14.31-32 32-32h178.8l-49.38-49.38c-12.5-12.5-12.5-32.75 0-45.25s32.75-12.5 45.25 0l103.1 103.1C414.6 241.3 416 251.1 416 256C416 260.9 414.6 270.7 406.6 278.6z\"><\/path><\/svg><\/span><span class=\"uagb-icon-list__label\">speziell zugeschnitten auf die Bed\u00fcrfnisse Ihres Unternehmens<\/span><\/div>\n\n\n\n<div class=\"wp-block-uagb-icon-list-child uagb-block-e1a1ac0e\"><span class=\"uagb-icon-list__source-wrap\"><svg xmlns=\"https:\/\/www.w3.org\/2000\/svg\" viewBox=\"0 0 512 512\"><path d=\"M256 0C114.6 0 0 114.6 0 256c0 141.4 114.6 256 256 256s256-114.6 256-256C512 114.6 397.4 0 256 0zM406.6 278.6l-103.1 103.1c-12.5 12.5-32.75 12.5-45.25 0s-12.5-32.75 0-45.25L306.8 288H128C110.3 288 96 273.7 96 256s14.31-32 32-32h178.8l-49.38-49.38c-12.5-12.5-12.5-32.75 0-45.25s32.75-12.5 45.25 0l103.1 103.1C414.6 241.3 416 251.1 416 256C416 260.9 414.6 270.7 406.6 278.6z\"><\/path><\/svg><\/span><span class=\"uagb-icon-list__label\">vermittelt Wissen \u00fcber Funktionsweisen und Zusammenh\u00e4nge der im SAP abgebildeten Gesch\u00e4ftsprozesse<\/span><\/div>\n\n\n\n<div class=\"wp-block-uagb-icon-list-child uagb-block-c841827c\"><span class=\"uagb-icon-list__source-wrap\"><svg xmlns=\"https:\/\/www.w3.org\/2000\/svg\" viewBox=\"0 0 512 512\"><path d=\"M256 0C114.6 0 0 114.6 0 256c0 141.4 114.6 256 256 256s256-114.6 256-256C512 114.6 397.4 0 256 0zM406.6 278.6l-103.1 103.1c-12.5 12.5-32.75 12.5-45.25 0s-12.5-32.75 0-45.25L306.8 288H128C110.3 288 96 273.7 96 256s14.31-32 32-32h178.8l-49.38-49.38c-12.5-12.5-12.5-32.75 0-45.25s32.75-12.5 45.25 0l103.1 103.1C414.6 241.3 416 251.1 416 256C416 260.9 414.6 270.7 406.6 278.6z\"><\/path><\/svg><\/span><span class=\"uagb-icon-list__label\">sinnvoll z.B. im Rahmen von Neueinf\u00fchrungen<\/span><\/div>\n<\/div><\/div>\n<\/div>\n<\/div><\/div>\n\n\n\n<div class=\"wp-block-uagb-slider-child uagb-slider-child-wrap swiper-slide uagb-block-d71e6cb6\"><div class=\"swiper-content\">\n<div class=\"wp-block-uagb-container uagb-block-1ac38eb6\">\n<div class=\"wp-block-uagb-info-box uagb-block-be0a4fff uagb-infobox__content-wrap  uagb-infobox-icon-above-title uagb-infobox-image-valign-top\"><div class=\"uagb-ifb-content\"><div class=\"uagb-ifb-title-wrap\"><h3 class=\"uagb-ifb-title\">Allgemeine Schulungen<\/h3><\/div><\/div><\/div>\n\n\n\n<div class=\"wp-block-uagb-icon-list uagb-block-5809b785\"><div class=\"uagb-icon-list__wrap\">\n<div class=\"wp-block-uagb-icon-list-child uagb-block-2eee8c50\"><span class=\"uagb-icon-list__source-wrap\"><svg xmlns=\"https:\/\/www.w3.org\/2000\/svg\" viewBox=\"0 0 512 512\"><path d=\"M256 0C114.6 0 0 114.6 0 256c0 141.4 114.6 256 256 256s256-114.6 256-256C512 114.6 397.4 0 256 0zM406.6 278.6l-103.1 103.1c-12.5 12.5-32.75 12.5-45.25 0s-12.5-32.75 0-45.25L306.8 288H128C110.3 288 96 273.7 96 256s14.31-32 32-32h178.8l-49.38-49.38c-12.5-12.5-12.5-32.75 0-45.25s32.75-12.5 45.25 0l103.1 103.1C414.6 241.3 416 251.1 416 256C416 260.9 414.6 270.7 406.6 278.6z\"><\/path><\/svg><\/span><span class=\"uagb-icon-list__label\">bieten einen umfassenden \u00dcberblick \u00fcber Funktionalit\u00e4ten verschiedener SAP-Module<\/span><\/div>\n\n\n\n<div class=\"wp-block-uagb-icon-list-child uagb-block-7debc3e5\"><span class=\"uagb-icon-list__source-wrap\"><svg xmlns=\"https:\/\/www.w3.org\/2000\/svg\" viewBox=\"0 0 512 512\"><path d=\"M256 0C114.6 0 0 114.6 0 256c0 141.4 114.6 256 256 256s256-114.6 256-256C512 114.6 397.4 0 256 0zM406.6 278.6l-103.1 103.1c-12.5 12.5-32.75 12.5-45.25 0s-12.5-32.75 0-45.25L306.8 288H128C110.3 288 96 273.7 96 256s14.31-32 32-32h178.8l-49.38-49.38c-12.5-12.5-12.5-32.75 0-45.25s32.75-12.5 45.25 0l103.1 103.1C414.6 241.3 416 251.1 416 256C416 260.9 414.6 270.7 406.6 278.6z\"><\/path><\/svg><\/span><span class=\"uagb-icon-list__label\">ideal f\u00fcr Mitarbeiter, die ein grundlegendes Verst\u00e4ndnis von SAP-Prozessen erwerben wollen<\/span><\/div>\n<\/div><\/div>\n<\/div>\n<\/div><\/div>\n<\/div><\/div><div class=\"swiper-pagination\"><\/div><div class=\"swiper-button-prev\"><\/div><div class=\"swiper-button-next\"><\/div><\/div>\n<\/div>\n<\/div><\/div>\n\n\n\n<div class=\"wp-block-uagb-container uagb-block-7888efb8 alignfull uagb-is-root-container\"><div class=\"uagb-container-inner-blocks-wrap\">\n<div class=\"wp-block-uagb-container uagb-block-57728f86\">\n<div class=\"wp-block-uagb-advanced-heading uagb-block-7e5f1d22\"><h2 class=\"uagb-heading-text\"><strong>Ansprechpartnerin<\/strong><\/h2><\/div>\n\n\n\n<p>Nehmen Sie unverbindlich Kontakt auf, um \u00fcber den ma\u00dfgeschneiderten L\u00f6sungsansatz f\u00fcr Ihr SAP-Projekt zu sprechen. Ich freue mich auf Sie, sowie eine vertrauensvolle und partnerschaftliche Zusammenarbeit.<\/p>\n\n\n\n<div class=\"wp-block-uagb-buttons uagb-buttons__outer-wrap uagb-btn__default-btn uagb-btn-tablet__default-btn uagb-btn-mobile__default-btn uagb-block-7774ac9c\"><div class=\"uagb-buttons__wrap uagb-buttons-layout-wrap \">\n<div class=\"wp-block-uagb-buttons-child uagb-buttons__outer-wrap uagb-block-af5d09b7 wp-block-button\"><div class=\"uagb-button__wrapper\"><a class=\"uagb-buttons-repeater wp-block-button__link\" aria-label=\"\" href=\"https:\/\/www.purple-bee.de\/index.php\/kontakt#Kontakt\" rel=\"follow noopener\" target=\"_self\" role=\"button\"><div class=\"uagb-button__link\">Kontakt<\/div><\/a><\/div><\/div>\n<\/div><\/div>\n<\/div>\n\n\n\n<div class=\"wp-block-uagb-container uagb-block-eb157c90\">\n<figure class=\"wp-block-image size-full is-resized\"><img loading=\"lazy\" decoding=\"async\" width=\"709\" height=\"409\" src=\"https:\/\/www.purple-bee.de\/wp-content\/uploads\/2024\/10\/Monja_Kumpfmueller-Purple_Bee_GmbH.jpg\" alt=\"Monja Kumpfm\u00fcller - Purple Bee GmbH - SAP Applikationsberatung Logistik\" class=\"wp-image-358\" style=\"width:262px;height:auto\" srcset=\"https:\/\/www.purple-bee.de\/wp-content\/uploads\/2024\/10\/Monja_Kumpfmueller-Purple_Bee_GmbH.jpg 709w, https:\/\/www.purple-bee.de\/wp-content\/uploads\/2024\/10\/Monja_Kumpfmueller-Purple_Bee_GmbH-300x173.jpg 300w\" sizes=\"auto, (max-width: 709px) 100vw, 709px\" \/><\/figure>\n\n\n\n<div class=\"wp-block-uagb-advanced-heading uagb-block-5a85c7ac\"><h4 class=\"uagb-heading-text\"><strong>Monja Kumpfm\u00fcller<\/strong><\/h4><\/div>\n\n\n\n<div class=\"wp-block-uagb-advanced-heading uagb-block-12d77d20\"><h5 class=\"uagb-heading-text\">Gesch\u00e4ftsf\u00fchrerin<\/h5><\/div>\n\n\n\n<div class=\"wp-block-uagb-buttons uagb-buttons__outer-wrap uagb-btn__default-btn uagb-btn-tablet__default-btn uagb-btn-mobile__default-btn uagb-block-a3918edc\"><div class=\"uagb-buttons__wrap uagb-buttons-layout-wrap \">\n<div class=\"wp-block-uagb-buttons-child uagb-buttons__outer-wrap uagb-block-20d2c196 wp-block-button\"><div class=\"uagb-button__wrapper\"><a class=\"uagb-buttons-repeater wp-block-button__link\" aria-label=\"\" href=\"https:\/\/www.purple-bee.de\/index.php\/ueber-die-gruenderin#Gr\u00fcnderin\" rel=\"follow noopener\" target=\"_self\" role=\"button\"><div class=\"uagb-button__link\">\u00dcber die Gr\u00fcnderin<\/div><\/a><\/div><\/div>\n<\/div><\/div>\n<\/div>\n<\/div><\/div>\n\n\n\n<p><\/p>\n","protected":false},"excerpt":{"rendered":"<p>Fokus Der Hauptfokus der Purple Bee GmbH liegt auf der Begleitung und Umsetzung von SAP ERP und SAP S\/4HANA Projekten [&hellip;]<\/p>\n","protected":false},"author":1,"featured_media":0,"parent":0,"menu_order":0,"comment_status":"closed","ping_status":"closed","template":"","meta":{"_uag_custom_page_level_css":"","site-sidebar-layout":"default","site-content-layout":"","ast-site-content-layout":"default","site-content-style":"default","site-sidebar-style":"default","ast-global-header-display":"","ast-banner-title-visibility":"","ast-main-header-display":"","ast-hfb-above-header-display":"","ast-hfb-below-header-display":"","ast-hfb-mobile-header-display":"","site-post-title":"disabled","ast-breadcrumbs-content":"","ast-featured-img":"","footer-sml-layout":"","ast-disable-related-posts":"","theme-transparent-header-meta":"","adv-header-id-meta":"","stick-header-meta":"","header-above-stick-meta":"","header-main-stick-meta":"","header-below-stick-meta":"","astra-migrate-meta-layouts":"default","ast-page-background-enabled":"default","ast-page-background-meta":{"desktop":{"background-color":"var(--ast-global-color-4)","background-image":"","background-repeat":"repeat","background-position":"center center","background-size":"auto","background-attachment":"scroll","background-type":"","background-media":"","overlay-type":"","overlay-color":"","overlay-opacity":"","overlay-gradient":""},"tablet":{"background-color":"","background-image":"","background-repeat":"repeat","background-position":"center center","background-size":"auto","background-attachment":"scroll","background-type":"","background-media":"","overlay-type":"","overlay-color":"","overlay-opacity":"","overlay-gradient":""},"mobile":{"background-color":"","background-image":"","background-repeat":"repeat","background-position":"center center","background-size":"auto","background-attachment":"scroll","background-type":"","background-media":"","overlay-type":"","overlay-color":"","overlay-opacity":"","overlay-gradient":""}},"ast-content-background-meta":{"desktop":{"background-color":"var(--ast-global-color-5)","background-image":"","background-repeat":"repeat","background-position":"center center","background-size":"auto","background-attachment":"scroll","background-type":"","background-media":"","overlay-type":"","overlay-color":"","overlay-opacity":"","overlay-gradient":""},"tablet":{"background-color":"var(--ast-global-color-5)","background-image":"","background-repeat":"repeat","background-position":"center center","background-size":"auto","background-attachment":"scroll","background-type":"","background-media":"","overlay-type":"","overlay-color":"","overlay-opacity":"","overlay-gradient":""},"mobile":{"background-color":"var(--ast-global-color-5)","background-image":"","background-repeat":"repeat","background-position":"center center","background-size":"auto","background-attachment":"scroll","background-type":"","background-media":"","overlay-type":"","overlay-color":"","overlay-opacity":"","overlay-gradient":""}},"footnotes":""},"class_list":["post-24","page","type-page","status-publish","hentry"],"uagb_featured_image_src":{"full":false,"thumbnail":false,"medium":false,"medium_large":false,"large":false,"1536x1536":false,"2048x2048":false},"uagb_author_info":{"display_name":"admin","author_link":"https:\/\/www.purple-bee.de\/index.php\/author\/purplebee\/"},"uagb_comment_info":0,"uagb_excerpt":"Fokus Der Hauptfokus der Purple Bee GmbH liegt auf der Begleitung und Umsetzung von SAP ERP und SAP S\/4HANA Projekten [&hellip;]","_links":{"self":[{"href":"https:\/\/www.purple-bee.de\/index.php\/wp-json\/wp\/v2\/pages\/24","targetHints":{"allow":["GET"]}}],"collection":[{"href":"https:\/\/www.purple-bee.de\/index.php\/wp-json\/wp\/v2\/pages"}],"about":[{"href":"https:\/\/www.purple-bee.de\/index.php\/wp-json\/wp\/v2\/types\/page"}],"author":[{"embeddable":true,"href":"https:\/\/www.purple-bee.de\/index.php\/wp-json\/wp\/v2\/users\/1"}],"replies":[{"embeddable":true,"href":"https:\/\/www.purple-bee.de\/index.php\/wp-json\/wp\/v2\/comments?post=24"}],"version-history":[{"count":97,"href":"https:\/\/www.purple-bee.de\/index.php\/wp-json\/wp\/v2\/pages\/24\/revisions"}],"predecessor-version":[{"id":458,"href":"https:\/\/www.purple-bee.de\/index.php\/wp-json\/wp\/v2\/pages\/24\/revisions\/458"}],"wp:attachment":[{"href":"https:\/\/www.purple-bee.de\/index.php\/wp-json\/wp\/v2\/media?parent=24"}],"curies":[{"name":"wp","href":"https:\/\/api.w.org\/{rel}","templated":true}]}}