{"id":21,"date":"2024-09-25T08:22:19","date_gmt":"2024-09-25T08:22:19","guid":{"rendered":"https:\/\/www.purple-bee.de\/?page_id=21"},"modified":"2024-12-23T13:11:35","modified_gmt":"2024-12-23T13:11:35","slug":"unternehmen","status":"publish","type":"page","link":"https:\/\/www.purple-bee.de\/index.php\/unternehmen\/","title":{"rendered":"Unternehmen"},"content":{"rendered":"\n<div class=\"wp-block-uagb-container uag-hide-tab uag-hide-mob uagb-block-91cbe62b alignfull uagb-is-root-container\"><div class=\"uagb-container-inner-blocks-wrap\"><\/div><\/div>\n\n\n\n<div class=\"wp-block-uagb-container uagb-block-c49c89df alignfull uagb-is-root-container\"><div class=\"uagb-container-inner-blocks-wrap\">\n<div class=\"wp-block-uagb-advanced-heading uagb-block-80c1f3a1\" id=\"Unternehmen\"><h1 class=\"uagb-heading-text\"><strong>Mission &amp; Vision<\/strong><\/h1><\/div>\n<\/div><\/div>\n\n\n\n<div class=\"wp-block-uagb-container uagb-block-95130e81 alignfull uagb-is-root-container\"><div class=\"uagb-container-inner-blocks-wrap\">\n<p>In unserer schnelllebigen Welt wird die Bedeutung von <strong>Lebenszeit und -qualit\u00e4t<\/strong> immer wichtiger. Bienen sind das perfekte Sinnbild f\u00fcr Zusammenarbeit, Flei\u00df, Effizienz und Produktivit\u00e4t. Sie arbeiten synergetisch zusammen, um ihre Ziele zu erreichen und gleichzeitig eine gesunde Natur zu f\u00f6rdern. Die Purple Bee GmbH nimmt sich diese Eigenschaften zum Vorbild und glaubt fest daran, dass wahre Effizienz nur durch Zusammenarbeit und nachhaltige Praktiken erreicht werden kann.<\/p>\n<\/div><\/div>\n\n\n\n<div class=\"wp-block-uagb-container uagb-block-763fc420 alignfull uagb-is-root-container\"><div class=\"uagb-container-inner-blocks-wrap\">\n<div class=\"wp-block-uagb-container uagb-block-096316f3\">\n<p>Die <strong>Mission<\/strong> ist es, durch innovative SAP Applikationsberatung im Bereich Logistik und Produktion die Effizienz der Kunden zu verbessern und gleichzeitig umweltbewusst zu handeln. Im Zuge einer partnerschaftlichen und respektvollen Zusammenarbeit werden Kunden von der Optimierungsidee, \u00fcber die Konzeptionierung bis hin zur Implementierung unterst\u00fctzt.<\/p>\n<\/div>\n\n\n\n<div class=\"wp-block-uagb-container uagb-block-0d9563b8\">\n<p>Die <strong>Vision<\/strong> ist eine Zukunft, in der Effizienz und Nachhaltigkeit Hand in Hand gehen und Unternehmen ihre Prozesse so optimieren k\u00f6nnen, dass sowohl \u00f6konomische als auch \u00f6kologische Ziele erreicht werden. Durch die Arbeit unterst\u00fctzt die Purple Bee GmbH nicht nur das Wachstum und den Erfolg von Unternehmen, sondern tr\u00e4gt auch zu einer nachhaltigeren und produktiveren Welt bei.<\/p>\n<\/div>\n<\/div><\/div>\n\n\n\n<div class=\"wp-block-uagb-container uagb-block-dbeb262c alignfull uagb-is-root-container\"><div class=\"uagb-container-inner-blocks-wrap\">\n<div class=\"wp-block-uagb-advanced-heading uagb-block-d3409df9\"><h1 class=\"uagb-heading-text\"><strong>Bee efficient!<\/strong><\/h1><\/div>\n<\/div><\/div>\n\n\n\n<p><\/p>\n","protected":false},"excerpt":{"rendered":"<p>Mission &amp; Vision In unserer schnelllebigen Welt wird die Bedeutung von Lebenszeit und -qualit\u00e4t immer wichtiger. Bienen sind das perfekte [&hellip;]<\/p>\n","protected":false},"author":1,"featured_media":0,"parent":0,"menu_order":0,"comment_status":"closed","ping_status":"closed","template":"","meta":{"_uag_custom_page_level_css":"","site-sidebar-layout":"default","site-content-layout":"","ast-site-content-layout":"default","site-content-style":"default","site-sidebar-style":"default","ast-global-header-display":"","ast-banner-title-visibility":"","ast-main-header-display":"","ast-hfb-above-header-display":"","ast-hfb-below-header-display":"","ast-hfb-mobile-header-display":"","site-post-title":"disabled","ast-breadcrumbs-content":"","ast-featured-img":"","footer-sml-layout":"","ast-disable-related-posts":"","theme-transparent-header-meta":"","adv-header-id-meta":"","stick-header-meta":"","header-above-stick-meta":"","header-main-stick-meta":"","header-below-stick-meta":"","astra-migrate-meta-layouts":"default","ast-page-background-enabled":"default","ast-page-background-meta":{"desktop":{"background-color":"var(--ast-global-color-4)","background-image":"","background-repeat":"repeat","background-position":"center center","background-size":"auto","background-attachment":"scroll","background-type":"","background-media":"","overlay-type":"","overlay-color":"","overlay-opacity":"","overlay-gradient":""},"tablet":{"background-color":"","background-image":"","background-repeat":"repeat","background-position":"center center","background-size":"auto","background-attachment":"scroll","background-type":"","background-media":"","overlay-type":"","overlay-color":"","overlay-opacity":"","overlay-gradient":""},"mobile":{"background-color":"","background-image":"","background-repeat":"repeat","background-position":"center center","background-size":"auto","background-attachment":"scroll","background-type":"","background-media":"","overlay-type":"","overlay-color":"","overlay-opacity":"","overlay-gradient":""}},"ast-content-background-meta":{"desktop":{"background-color":"var(--ast-global-color-5)","background-image":"","background-repeat":"repeat","background-position":"center center","background-size":"auto","background-attachment":"scroll","background-type":"","background-media":"","overlay-type":"","overlay-color":"","overlay-opacity":"","overlay-gradient":""},"tablet":{"background-color":"var(--ast-global-color-5)","background-image":"","background-repeat":"repeat","background-position":"center center","background-size":"auto","background-attachment":"scroll","background-type":"","background-media":"","overlay-type":"","overlay-color":"","overlay-opacity":"","overlay-gradient":""},"mobile":{"background-color":"var(--ast-global-color-5)","background-image":"","background-repeat":"repeat","background-position":"center center","background-size":"auto","background-attachment":"scroll","background-type":"","background-media":"","overlay-type":"","overlay-color":"","overlay-opacity":"","overlay-gradient":""}},"footnotes":""},"class_list":["post-21","page","type-page","status-publish","hentry"],"uagb_featured_image_src":{"full":false,"thumbnail":false,"medium":false,"medium_large":false,"large":false,"1536x1536":false,"2048x2048":false},"uagb_author_info":{"display_name":"admin","author_link":"https:\/\/www.purple-bee.de\/index.php\/author\/purplebee\/"},"uagb_comment_info":0,"uagb_excerpt":"Mission &amp; Vision In unserer schnelllebigen Welt wird die Bedeutung von Lebenszeit und -qualit\u00e4t immer wichtiger. Bienen sind das perfekte [&hellip;]","_links":{"self":[{"href":"https:\/\/www.purple-bee.de\/index.php\/wp-json\/wp\/v2\/pages\/21","targetHints":{"allow":["GET"]}}],"collection":[{"href":"https:\/\/www.purple-bee.de\/index.php\/wp-json\/wp\/v2\/pages"}],"about":[{"href":"https:\/\/www.purple-bee.de\/index.php\/wp-json\/wp\/v2\/types\/page"}],"author":[{"embeddable":true,"href":"https:\/\/www.purple-bee.de\/index.php\/wp-json\/wp\/v2\/users\/1"}],"replies":[{"embeddable":true,"href":"https:\/\/www.purple-bee.de\/index.php\/wp-json\/wp\/v2\/comments?post=21"}],"version-history":[{"count":20,"href":"https:\/\/www.purple-bee.de\/index.php\/wp-json\/wp\/v2\/pages\/21\/revisions"}],"predecessor-version":[{"id":465,"href":"https:\/\/www.purple-bee.de\/index.php\/wp-json\/wp\/v2\/pages\/21\/revisions\/465"}],"wp:attachment":[{"href":"https:\/\/www.purple-bee.de\/index.php\/wp-json\/wp\/v2\/media?parent=21"}],"curies":[{"name":"wp","href":"https:\/\/api.w.org\/{rel}","templated":true}]}}